{"id":8,"date":"2018-05-04T11:03:28","date_gmt":"2018-05-04T08:03:28","guid":{"rendered":"http:\/\/www.eylulmuhasebe.com\/?page_id=8"},"modified":"2025-10-21T15:04:37","modified_gmt":"2025-10-21T12:04:37","slug":"8-2","status":"publish","type":"page","link":"http:\/\/eylulmuhasebe.com\/","title":{"rendered":"Anasayfa"},"content":{"rendered":"[vc_row full_width=&#8221;stretch_row_content_no_spaces&#8221; column_spacing=&#8221;0px&#8221;][vc_column][vc_empty_space height=&#8221;35px&#8221;][vc_column_text]\n<p style=\"text-align: center;\"><span class=\"thin-font\" style=\"font-family: 'Open Sans'; font-size: 28px;\">Mali M\u00fc\u015favirlik Hizmetlerinde yan\u0131n\u0131zda ve yard\u0131mc\u0131n\u0131z<br \/>\n<span style=\"font-size: 21px;\">Kaliteli hizmet anlay\u0131\u015f\u0131 ve g\u00fcncel bilgilerle<\/span><\/span><\/p>\n[\/vc_column_text][\/vc_column][\/vc_row][vc_row][vc_column width=&#8221;1\/4&#8243;][vc_single_image image=&#8221;27&#8243;][vc_column_text]\n<h4 style=\"text-align: center;\"><span style=\"font-family: 'Open Sans'; font-size: 16px;\">Mali M\u00fc\u015favirlik Hizmetleri<\/span><\/h4>\n<p style=\"text-align: center;\"><span style=\"font-family: 'Open Sans'; font-size: 13px;\">Kanun ve uygulama de\u011fi\u015fikliklerinin devaml\u0131 olarak bildirilmesi ve g\u00f6r\u00fc\u015f verilmesi.\u00a0<\/span><span style=\"font-family: 'Open Sans'; font-size: 13px;\">Muhasebe uygulamalar\u0131 ve esaslar\u0131 konusunda hizmet i\u00e7i e\u011fitimlerin<\/span><\/p>\n[\/vc_column_text][\/vc_column][vc_column width=&#8221;1\/4&#8243;][vc_single_image image=&#8221;26&#8243;][vc_column_text]\n<h4 style=\"text-align: center;\"><span style=\"font-family: 'Open Sans'; font-size: 16px;\">Dan\u0131\u015fmanl\u0131k Hizmetleri<\/span><\/h4>\n<p style=\"text-align: center;\"><span style=\"font-family: 'Open Sans'; font-size: 13px;\">\u00a0Vergi Uyu\u015fmazl\u0131klar\u0131,\u00a0Vergi uzla\u015fma g\u00f6r\u00fc\u015fmelerine kat\u0131lmak,\u00a0Vergi davalar\u0131na kat\u0131lmak, Vergi dava ve ihtilaf dilek\u00e7elerinin haz\u0131rlanmas\u0131<\/span><\/p>\n[\/vc_column_text][\/vc_column][vc_column width=&#8221;1\/4&#8243;][vc_single_image image=&#8221;88&#8243;][vc_column_text]\n<h4 style=\"text-align: center;\"><span style=\"font-family: 'Open Sans'; font-size: 16px;\">Denetim Hizmetleri<\/span><\/h4>\n<p style=\"text-align: center;\"><span style=\"font-family: 'Open Sans'; font-size: 13px;\">B\u00fct\u00e7e ve y\u00f6netim muhasebe uygulamalar\u0131.\u00a0\u015eirket verilerinin ayl\u0131k, \u00fc\u00e7 ayl\u0131k, alt\u0131 ayl\u0131k ve y\u0131ll\u0131k d\u00f6nemlerde raporlanmas\u0131 ve \u00f6neriler<\/span><\/p>\n[\/vc_column_text][\/vc_column][vc_column width=&#8221;1\/4&#8243;][vc_single_image image=&#8221;28&#8243;][vc_column_text]\n<h4 style=\"text-align: center;\"><span style=\"font-family: 'Open Sans'; font-size: 16px;\">Rekabet Kurulum Hizmetleri<\/span><\/h4>\n<p style=\"text-align: center;\"><span style=\"font-family: 'Open Sans'; font-size: 13px;\">\u00a0Hisse devirleri,\u00a0Birle\u015fme, devir, tasfiye,\u00a0Sermaye art\u0131r\u0131m\u0131,\u00a0\u015eekil de\u011fi\u015ftirme,\u00a0Genel Kurul \u0130\u015flemleri, Ana S\u00f6zle\u015fme<\/span><\/p>\n[\/vc_column_text][\/vc_column][\/vc_row][vc_row][vc_column width=&#8221;1\/3&#8243; border_style=&#8221;dashed&#8221; border_width=&#8221;1px&#8221; padding_top=&#8221;15px&#8221; padding_bottom=&#8221;15px&#8221; padding_left=&#8221;15px&#8221; padding_right=&#8221;15px&#8221;][vc_text_separator title=&#8221;T\u00dcRMOB&#8217;dan &#8220;RSS&#8220;&#8221; font_weight=&#8221;&#8221;][vc_column_text]<div class=\"wp-rss-template-container\" data-wpra-template=\"default\" data-template-ctx=\"eyJleGNsdWRlIjoiMTE2IiwibGltaXQiOiI1In0=\">\n    <div class=\"wp-rss-aggregator wpra-list-template  \" data-page=\"1\">\n    \n    \n<ul class=\"wpra-item-list rss-aggregator wpra-item-list--bullets wpra-item-list--default\"\n    start=\"1\">\n                        <li class=\"wpra-item feed-item \">\n            \n            \n\n    <a  href=\"https:\/\/www.ismmmo.org.tr\/dosya\/6073\/Uye-Dosya\/29042026-1mayis-cagri.pdf\" target=\"_blank\" rel=\"nofollow\" class=\"\">\u00dcye<\/a>\n\n\n\n\n\n\n<div class=\"wprss-feed-meta\">\n            <span class=\"feed-source\">\n            Kaynak:\n\n                            ismmmo\n                    <\/span>\n    \n            <span class=\"feed-date\">\n            Yay\u0131nland\u0131 2026-04-29\n        <\/span>\n    \n    <\/div>\n\n\n\n\n\n            \n        <\/li>\n                    <li class=\"wpra-item feed-item \">\n            \n            \n\n    <a  href=\"https:\/\/www.ismmmo.org.tr\/dosya\/6067\/Mevzuat-Dosya\/27042026-yabanci-para-degerleri.pdf\" target=\"_blank\" rel=\"nofollow\" class=\"\">Mevzuat<\/a>\n\n\n\n\n\n\n<div class=\"wprss-feed-meta\">\n            <span class=\"feed-source\">\n            Kaynak:\n\n                            ismmmo\n                    <\/span>\n    \n            <span class=\"feed-date\">\n            Yay\u0131nland\u0131 2026-04-27\n        <\/span>\n    \n    <\/div>\n\n\n\n\n\n            \n        <\/li>\n                    <li class=\"wpra-item feed-item \">\n            \n            \n\n    <a  href=\"https:\/\/ismmmo.org.tr\/schedule.php?v=cJ59Bz9LbS0\" target=\"_blank\" rel=\"nofollow\" class=\"\">E\u011fitim<\/a>\n\n\n\n\n\n\n<div class=\"wprss-feed-meta\">\n            <span class=\"feed-source\">\n            Kaynak:\n\n                            ismmmo\n                    <\/span>\n    \n            <span class=\"feed-date\">\n            Yay\u0131nland\u0131 2026-04-24\n        <\/span>\n    \n    <\/div>\n\n\n\n\n\n            \n        <\/li>\n                    <li class=\"wpra-item feed-item \">\n            \n            \n\n    <a  href=\"https:\/\/form.ismmmo.org.tr\/ilcelerseminer.asp?id=1433\" target=\"_blank\" rel=\"nofollow\" class=\"\">E\u011fitim<\/a>\n\n\n\n\n\n\n<div class=\"wprss-feed-meta\">\n            <span class=\"feed-source\">\n            Kaynak:\n\n                            ismmmo\n                    <\/span>\n    \n            <span class=\"feed-date\">\n            Yay\u0131nland\u0131 2026-04-24\n        <\/span>\n    \n    <\/div>\n\n\n\n\n\n            \n        <\/li>\n                    <li class=\"wpra-item feed-item \">\n            \n            \n\n    <a  href=\"https:\/\/www.ismmmo.org.tr\/dosya\/6055\/Egitim-Dosya\/24042026-ileri-excel.pdf\" target=\"_blank\" rel=\"nofollow\" class=\"\">E\u011fitim<\/a>\n\n\n\n\n\n\n<div class=\"wprss-feed-meta\">\n            <span class=\"feed-source\">\n            Kaynak:\n\n                            ismmmo\n                    <\/span>\n    \n            <span class=\"feed-date\">\n            Yay\u0131nland\u0131 2026-04-24\n        <\/span>\n    \n    <\/div>\n\n\n\n\n\n            \n        <\/li>\n        <\/ul>\n\n        \n<\/div>\n\n<\/div>\n[\/vc_column_text][vc_empty_space][vc_text_separator title=&#8221;MEVZUAT&#8221; font_weight=&#8221;&#8221;][vc_column_text]<div class=\"wp-rss-template-container\" data-wpra-template=\"default\" data-template-ctx=\"eyJleGNsdWRlIjoiMTYyIiwibGltaXQiOiIxMCJ9\">\n    <div class=\"wp-rss-aggregator wpra-list-template  \" data-page=\"1\">\n    \n    \n<ul class=\"wpra-item-list rss-aggregator wpra-item-list--bullets wpra-item-list--default\"\n    start=\"1\">\n                        <li class=\"wpra-item feed-item \">\n            \n            \n\n    <a  href=\"https:\/\/www.ismmmo.org.tr\/dosya\/6073\/Uye-Dosya\/29042026-1mayis-cagri.pdf\" target=\"_blank\" rel=\"nofollow\" class=\"\">\u00dcye<\/a>\n\n\n\n\n\n\n<div class=\"wprss-feed-meta\">\n            <span class=\"feed-source\">\n            Kaynak:\n\n                            ismmmo\n                    <\/span>\n    \n            <span class=\"feed-date\">\n            Yay\u0131nland\u0131 2026-04-29\n        <\/span>\n    \n    <\/div>\n\n\n\n\n\n            \n        <\/li>\n                    <li class=\"wpra-item feed-item \">\n            \n            \n\n    <a  href=\"https:\/\/www.ismmmo.org.tr\/dosya\/6067\/Mevzuat-Dosya\/27042026-yabanci-para-degerleri.pdf\" target=\"_blank\" rel=\"nofollow\" class=\"\">Mevzuat<\/a>\n\n\n\n\n\n\n<div class=\"wprss-feed-meta\">\n            <span class=\"feed-source\">\n            Kaynak:\n\n                            ismmmo\n                    <\/span>\n    \n            <span class=\"feed-date\">\n            Yay\u0131nland\u0131 2026-04-27\n        <\/span>\n    \n    <\/div>\n\n\n\n\n\n            \n        <\/li>\n                    <li class=\"wpra-item feed-item \">\n            \n            \n\n    <a  href=\"https:\/\/ismmmo.org.tr\/schedule.php?v=cJ59Bz9LbS0\" target=\"_blank\" rel=\"nofollow\" class=\"\">E\u011fitim<\/a>\n\n\n\n\n\n\n<div class=\"wprss-feed-meta\">\n            <span class=\"feed-source\">\n            Kaynak:\n\n                            ismmmo\n                    <\/span>\n    \n            <span class=\"feed-date\">\n            Yay\u0131nland\u0131 2026-04-24\n        <\/span>\n    \n    <\/div>\n\n\n\n\n\n            \n        <\/li>\n                    <li class=\"wpra-item feed-item \">\n            \n            \n\n    <a  href=\"https:\/\/form.ismmmo.org.tr\/ilcelerseminer.asp?id=1433\" target=\"_blank\" rel=\"nofollow\" class=\"\">E\u011fitim<\/a>\n\n\n\n\n\n\n<div class=\"wprss-feed-meta\">\n            <span class=\"feed-source\">\n            Kaynak:\n\n                            ismmmo\n                    <\/span>\n    \n            <span class=\"feed-date\">\n            Yay\u0131nland\u0131 2026-04-24\n        <\/span>\n    \n    <\/div>\n\n\n\n\n\n            \n        <\/li>\n                    <li class=\"wpra-item feed-item \">\n            \n            \n\n    <a  href=\"https:\/\/www.ismmmo.org.tr\/dosya\/6055\/Egitim-Dosya\/24042026-ileri-excel.pdf\" target=\"_blank\" rel=\"nofollow\" class=\"\">E\u011fitim<\/a>\n\n\n\n\n\n\n<div class=\"wprss-feed-meta\">\n            <span class=\"feed-source\">\n            Kaynak:\n\n                            ismmmo\n                    <\/span>\n    \n            <span class=\"feed-date\">\n            Yay\u0131nland\u0131 2026-04-24\n        <\/span>\n    \n    <\/div>\n\n\n\n\n\n            \n        <\/li>\n                    <li class=\"wpra-item feed-item \">\n            \n            \n\n    <a  href=\"https:\/\/www.ismmmo.org.tr\/dosya\/6051\/Kurumsal-Dosya\/22042026-okankoleji.pdf\" target=\"_blank\" rel=\"nofollow\" class=\"\">Kurumsal<\/a>\n\n\n\n\n\n\n<div class=\"wprss-feed-meta\">\n            <span class=\"feed-source\">\n            Kaynak:\n\n                            ismmmo\n                    <\/span>\n    \n            <span class=\"feed-date\">\n            Yay\u0131nland\u0131 2026-04-22\n        <\/span>\n    \n    <\/div>\n\n\n\n\n\n            \n        <\/li>\n                    <li class=\"wpra-item feed-item \">\n            \n            \n\n    <a  href=\"https:\/\/www.ismmmo.org.tr\/dosya\/6044\/Staj-Dosya\/16042026-staj-duyuru.pdf\" target=\"_blank\" rel=\"nofollow\" class=\"\">Staj<\/a>\n\n\n\n\n\n\n<div class=\"wprss-feed-meta\">\n            <span class=\"feed-source\">\n            Kaynak:\n\n                            ismmmo\n                    <\/span>\n    \n            <span class=\"feed-date\">\n            Yay\u0131nland\u0131 2026-04-16\n        <\/span>\n    \n    <\/div>\n\n\n\n\n\n            \n        <\/li>\n                    <li class=\"wpra-item feed-item \">\n            \n            \n\n    <a  href=\"https:\/\/www.ismmmo.org.tr\/dosya\/6042\/Egitim-Dosya\/16042026-2025-yili-kurum-kazanclari.pdf\" target=\"_blank\" rel=\"nofollow\" class=\"\">E\u011fitim<\/a>\n\n\n\n\n\n\n<div class=\"wprss-feed-meta\">\n            <span class=\"feed-source\">\n            Kaynak:\n\n                            ismmmo\n                    <\/span>\n    \n            <span class=\"feed-date\">\n            Yay\u0131nland\u0131 2026-04-16\n        <\/span>\n    \n    <\/div>\n\n\n\n\n\n            \n        <\/li>\n                    <li class=\"wpra-item feed-item \">\n            \n            \n\n    <a  href=\"https:\/\/www.ismmmo.org.tr\/dosya\/6040\/Mevzuat-Dosya\/16042026-Beyanname-Gozetim-Programi-Calismasi.pdf\" target=\"_blank\" rel=\"nofollow\" class=\"\">Mevzuat<\/a>\n\n\n\n\n\n\n<div class=\"wprss-feed-meta\">\n            <span class=\"feed-source\">\n            Kaynak:\n\n                            ismmmo\n                    <\/span>\n    \n            <span class=\"feed-date\">\n            Yay\u0131nland\u0131 2026-04-16\n        <\/span>\n    \n    <\/div>\n\n\n\n\n\n            \n        <\/li>\n                    <li class=\"wpra-item feed-item \">\n            \n            \n\n    <a  href=\"https:\/\/www.ismmmo.org.tr\/dosya\/6034\/Mevzuat-Dosya\/06042026-yillik-isletme-cetveli-bildirme-yukumlulugu.pdf\" target=\"_blank\" rel=\"nofollow\" class=\"\">Mevzuat<\/a>\n\n\n\n\n\n\n<div class=\"wprss-feed-meta\">\n            <span class=\"feed-source\">\n            Kaynak:\n\n                            ismmmo\n                    <\/span>\n    \n            <span class=\"feed-date\">\n            Yay\u0131nland\u0131 2026-04-06\n        <\/span>\n    \n    <\/div>\n\n\n\n\n\n            \n        <\/li>\n        <\/ul>\n\n        \n<\/div>\n\n<\/div>\n[\/vc_column_text][\/vc_column][vc_column width=&#8221;1\/3&#8243; border_style=&#8221;dashed&#8221; bg_color=&#8221;#f2f2f2&#8243; border_width=&#8221;1px&#8221; padding_top=&#8221;15px&#8221; padding_bottom=&#8221;15px&#8221; padding_left=&#8221;15px&#8221; padding_right=&#8221;15px&#8221;][vc_text_separator title=&#8221;\u0130SMMMO &#8220;RSS&#8220;&#8221; font_weight=&#8221;&#8221;][vc_column_text]<div class=\"wp-rss-template-container\" data-wpra-template=\"default\" data-template-ctx=\"eyJleGNsdWRlIjoiMTUxIiwibGltaXQiOiIxMSJ9\">\n    <div class=\"wp-rss-aggregator wpra-list-template  \" data-page=\"1\">\n    \n    \n<ul class=\"wpra-item-list rss-aggregator wpra-item-list--bullets wpra-item-list--default\"\n    start=\"1\">\n                        <li class=\"wpra-item feed-item \">\n            \n            \n\n    <a  href=\"https:\/\/online.fliphtml5.com\/nitus\/vrbn\/?utm_source=Share&amp;utm_medium=RSS&amp;utm_campaign=\" target=\"_blank\" rel=\"nofollow\" class=\"\">82032b6381230f60466dffef2297ccf8<\/a>\n\n\n\n\n\n\n<div class=\"wprss-feed-meta\">\n            <span class=\"feed-source\">\n            Kaynak:\n\n                            TURMOB\n                    <\/span>\n    \n            <span class=\"feed-date\">\n            Yay\u0131nland\u0131 2023-08-10\n        <\/span>\n    \n    <\/div>\n\n\n\n\n\n            \n        <\/li>\n                    <li class=\"wpra-item feed-item \">\n            \n            \n\n    <a  href=\"https:\/\/www.turmob.org.tr\/mevzuat\/Detay\/20480\/32274-1-pdf?utm_source=Share&amp;utm_medium=RSS&amp;utm_campaign=32274-1-pdf\" target=\"_blank\" rel=\"nofollow\" class=\"\">Resmi Gazete \"Baz\u0131 Alacaklar\u0131n Yeniden Yap\u0131land\u0131r\u0131lmas\u0131na Dair 7440 Say\u0131l\u0131 Kanun Genel Tebli\u011fi (Seri No:\u20084)\"<\/a>\n\n\n\n\n\n\n<div class=\"wprss-feed-meta\">\n            <span class=\"feed-source\">\n            Kaynak:\n\n                            Mevzuat\n                    <\/span>\n    \n            <span class=\"feed-date\">\n            Yay\u0131nland\u0131 2023-08-09\n        <\/span>\n    \n    <\/div>\n\n\n\n\n\n            \n        <\/li>\n                    <li class=\"wpra-item feed-item \">\n            \n            \n\n    <a  href=\"https:\/\/www.turmob.org.tr\/haberler\/bb31a1ca-4f86-4403-a686-25a13279c094\/surekli-mesleki-gelistirme-egitimleri-devam-ediyor-?utm_source=Share&amp;utm_medium=RSS&amp;utm_campaign=\" target=\"_blank\" rel=\"nofollow\" class=\"\">ad9b70b07d07b50bdbdbea697d6ab8fe<\/a>\n\n\n\n\n\n\n<div class=\"wprss-feed-meta\">\n            <span class=\"feed-source\">\n            Kaynak:\n\n                            TURMOB\n                    <\/span>\n    \n            <span class=\"feed-date\">\n            Yay\u0131nland\u0131 2023-08-08\n        <\/span>\n    \n    <\/div>\n\n\n\n\n\n            \n        <\/li>\n                    <li class=\"wpra-item feed-item \">\n            \n            \n\n    <a  href=\"https:\/\/www.turmob.org.tr\/mevzuat\/Detay\/20479\/-sgk-genelge-pdf?utm_source=Share&amp;utm_medium=RSS&amp;utm_campaign=-sgk-genelge-pdf\" target=\"_blank\" rel=\"nofollow\" class=\"\">SGK Genel Yaz\u0131 \"4\/1-(a) ve 4\/1-(b) Kapsam\u0131nda Gelir\/Ayl\u0131k Alanlar\u0131n 2023\/Temmuz Art\u0131\u015flar\u0131\"<\/a>\n\n\n\n\n\n\n<div class=\"wprss-feed-meta\">\n            <span class=\"feed-source\">\n            Kaynak:\n\n                            Mevzuat\n                    <\/span>\n    \n            <span class=\"feed-date\">\n            Yay\u0131nland\u0131 2023-08-07\n        <\/span>\n    \n    <\/div>\n\n\n\n\n\n            \n        <\/li>\n                    <li class=\"wpra-item feed-item \">\n            \n            \n\n    <a  href=\"https:\/\/www.turmob.org.tr\/haberler\/fe56bc6f-4520-4ec9-9011-a3411a49357b\/cumhuriyet-in-isiginda-yuzyil-fotograf-sergisi?utm_source=Share&amp;utm_medium=RSS&amp;utm_campaign=\" target=\"_blank\" rel=\"nofollow\" class=\"\">ddf9e913f8f269cd57f4571ac923e3e6<\/a>\n\n\n\n\n\n\n<div class=\"wprss-feed-meta\">\n            <span class=\"feed-source\">\n            Kaynak:\n\n                            TURMOB\n                    <\/span>\n    \n            <span class=\"feed-date\">\n            Yay\u0131nland\u0131 2023-08-06\n        <\/span>\n    \n    <\/div>\n\n\n\n\n\n            \n        <\/li>\n                    <li class=\"wpra-item feed-item \">\n            \n            \n\n    <a  href=\"https:\/\/www.turmob.org.tr\/mevzuat\/Detay\/20478\/32270-1-pdf?utm_source=Share&amp;utm_medium=RSS&amp;utm_campaign=32270-1-pdf\" target=\"_blank\" rel=\"nofollow\" class=\"\">Resmi Gazete \"Tahsilat Genel Tebli\u011fi (Seri: B S\u0131ra No: 19)\"<\/a>\n\n\n\n\n\n\n<div class=\"wprss-feed-meta\">\n            <span class=\"feed-source\">\n            Kaynak:\n\n                            Mevzuat\n                    <\/span>\n    \n            <span class=\"feed-date\">\n            Yay\u0131nland\u0131 2023-08-05\n        <\/span>\n    \n    <\/div>\n\n\n\n\n\n            \n        <\/li>\n                    <li class=\"wpra-item feed-item \">\n            \n            \n\n    <a  href=\"https:\/\/www.turmob.org.tr\/mevzuat\/Detay\/20476\/32269-44444-pdf?utm_source=Share&amp;utm_medium=RSS&amp;utm_campaign=32269-44444-pdf\" target=\"_blank\" rel=\"nofollow\" class=\"\">Resmi Gazete \"6\/2\/2023 Tarihinde Meydana Gelen Depremler Nedeniyle Zarar G\u00f6ren Baz\u0131 \u0130llerdeki Esnaf ve Sanatk\u00e2rlar\u0131n, T\u00fcrkiye Halk Bankas\u0131 Anonim \u015eirketince D\u00fc\u015f\u00fck Faizli Kredi Kulland\u0131r\u0131lmas\u0131na \u0130li\u015fkin Kararlar Kapsam\u0131ndaki Kredi Bor\u00e7lar\u0131n\u0131n Ertelenmesine Dair Karar (Karar Say\u0131s\u0131: 7470)\"<\/a>\n\n\n\n\n\n\n<div class=\"wprss-feed-meta\">\n            <span class=\"feed-source\">\n            Kaynak:\n\n                            Mevzuat\n                    <\/span>\n    \n            <span class=\"feed-date\">\n            Yay\u0131nland\u0131 2023-08-04\n        <\/span>\n    \n    <\/div>\n\n\n\n\n\n            \n        <\/li>\n                    <li class=\"wpra-item feed-item \">\n            \n            \n\n    <a  href=\"https:\/\/www.turmob.org.tr\/mevzuat\/Detay\/20477\/-158-vuk-pdf?utm_source=Share&amp;utm_medium=RSS&amp;utm_campaign=-158-vuk-pdf\" target=\"_blank\" rel=\"nofollow\" class=\"\">Maliye Bakanl\u0131\u011f\u0131 Sirk\u00fcleri \"VUK Sirk\u00fcleri\/159 \"Deprem Nedeniyle M\u00fccbir Sebep \u0130lan Edilen Ad\u0131yaman, Hatay, Kahramanmara\u015f ve Malatya \u0130lleri ile Gaziantep \u0130linin \u0130slahiye ve Nurda\u011f\u0131 \u0130l\u00e7elerindeki M\u00fckelleflerin Teminat Verme S\u00fcresinin Uzat\u0131lmas\u0131 Hakk\u0131nda Sirk\u00fcler\"\n\"<\/a>\n\n\n\n\n\n\n<div class=\"wprss-feed-meta\">\n            <span class=\"feed-source\">\n            Kaynak:\n\n                            Mevzuat\n                    <\/span>\n    \n            <span class=\"feed-date\">\n            Yay\u0131nland\u0131 2023-08-04\n        <\/span>\n    \n    <\/div>\n\n\n\n\n\n            \n        <\/li>\n                    <li class=\"wpra-item feed-item \">\n            \n            \n\n    <a  href=\"https:\/\/online.fliphtml5.com\/nitus\/mchv\/#p=1?utm_source=Share&amp;utm_medium=RSS&amp;utm_campaign=\" target=\"_blank\" rel=\"nofollow\" class=\"\">86b32b65a0f4625bbc0681b9a970e929<\/a>\n\n\n\n\n\n\n<div class=\"wprss-feed-meta\">\n            <span class=\"feed-source\">\n            Kaynak:\n\n                            TURMOB\n                    <\/span>\n    \n            <span class=\"feed-date\">\n            Yay\u0131nland\u0131 2023-08-04\n        <\/span>\n    \n    <\/div>\n\n\n\n\n\n            \n        <\/li>\n                    <li class=\"wpra-item feed-item \">\n            \n            \n\n    <a  href=\"https:\/\/ow.ly\/JOUM50PrIxW?utm_source=Share&amp;utm_medium=RSS&amp;utm_campaign=\" target=\"_blank\" rel=\"nofollow\" class=\"\">8fb4014b6f38be8f10e9db44723000f3<\/a>\n\n\n\n\n\n\n<div class=\"wprss-feed-meta\">\n            <span class=\"feed-source\">\n            Kaynak:\n\n                            TURMOB\n                    <\/span>\n    \n            <span class=\"feed-date\">\n            Yay\u0131nland\u0131 2023-08-04\n        <\/span>\n    \n    <\/div>\n\n\n\n\n\n            \n        <\/li>\n                    <li class=\"wpra-item feed-item \">\n            \n            \n\n    <a  href=\"https:\/\/www.turmob.org.tr\/sirkuler\/detailPdf\/188e4961-0ea8-4ccf-b963-4498049deda7\/geri-kazanim-katilim-payi-tutarlari-1-agustos-2023-tarihinden-itibaren-arttirildi?utm_source=Share&amp;utm_medium=RSS&amp;utm_campaign=geri-kazanim-katilim-payi-tutarlari-1-agustos-2023-tarihinden-itibaren-arttirildi\" target=\"_blank\" rel=\"nofollow\" class=\"\">Geri Kazan\u0131m Kat\u0131l\u0131m Pay\u0131 Tutarlar\u0131 1 A\u011fustos 2023 Tarihinden \u0130tibaren Artt\u0131r\u0131ld\u0131<\/a>\n\n\n\n\n\n\n<div class=\"wprss-feed-meta\">\n            <span class=\"feed-source\">\n            Kaynak:\n\n                            TURMOB\n                    <\/span>\n    \n            <span class=\"feed-date\">\n            Yay\u0131nland\u0131 2023-08-03\n        <\/span>\n    \n    <\/div>\n\n\n\n\n\n            \n        <\/li>\n        <\/ul>\n\n        \n<\/div>\n\n<\/div>\n[\/vc_column_text][\/vc_column][vc_column width=&#8221;1\/3&#8243; border_style=&#8221;dashed&#8221; border_width=&#8221;1px&#8221; padding_top=&#8221;15px&#8221; padding_bottom=&#8221;15px&#8221; padding_left=&#8221;15px&#8221; padding_right=&#8221;15px&#8221;][vc_text_separator title=&#8221;Muhasebe TR &#8220;RSS&#8220;&#8221; font_weight=&#8221;&#8221;][vc_column_text]<iframe loading=\"lazy\" src=\"http:\/\/www.muhasebetr.com\/yeniler\" name=\"muhasebe\" width=\"468\" height=\"1200\" frameborder=\"0\"><\/iframe>[\/vc_column_text][\/vc_column][\/vc_row][vc_row][vc_column][vc_raw_html]JTNDaWZyYW1lJTIwc3JjJTNEJTIyaHR0cHMlM0ElMkYlMkZ3d3cua2FyYXJtYXRpay5jb20lMkZzb25vbmthcmFyLmh0bWwlMjIlMjBmcmFtZWJvcmRlciUzRCUyMjAlMjIlMjB3aWR0aCUzRCUyMjEwMCUyNSUyMiUyMGhlaWdodCUzRCUyMjUwMCUyMiUyMHNjcm9sbGluZyUzRCUyMnllcyUyMiUzRSUzQyUyRmlmcmFtZSUzRQ==[\/vc_raw_html][\/vc_column][\/vc_row]\n","protected":false},"excerpt":{"rendered":"<p>[vc_row full_width=&#8221;stretch_row_content_no_spaces&#8221; column_spacing=&#8221;0px&#8221;][vc_column][vc_empty_space height=&#8221;35px&#8221;][vc_column_text] Mali M\u00fc\u015favirlik Hizmetlerinde yan\u0131n\u0131zda ve yard\u0131mc\u0131n\u0131z Kaliteli hizmet anlay\u0131\u015f\u0131 ve g\u00fcncel bilgilerle [\/vc_column_text][\/vc_column][\/vc_row][vc_row][vc_column width=&#8221;1\/4&#8243;][vc_single_image image=&#8221;27&#8243;][vc_column_text] Mali M\u00fc\u015favirlik Hizmetleri Kanun ve uygulama de\u011fi\u015fikliklerinin devaml\u0131 olarak bildirilmesi ve g\u00f6r\u00fc\u015f verilmesi.\u00a0Muhasebe uygulamalar\u0131 ve esaslar\u0131 konusunda hizmet i\u00e7i e\u011fitimlerin [\/vc_column_text][\/vc_column][vc_column&#038;hellip<\/p>\n","protected":false},"author":1,"featured_media":0,"parent":0,"menu_order":0,"comment_status":"closed","ping_status":"closed","template":"","meta":{"footnotes":""},"class_list":["post-8","page","type-page","status-publish","hentry"],"_links":{"self":[{"href":"http:\/\/eylulmuhasebe.com\/index.php?rest_route=\/wp\/v2\/pages\/8","targetHints":{"allow":["GET"]}}],"collection":[{"href":"http:\/\/eylulmuhasebe.com\/index.php?rest_route=\/wp\/v2\/pages"}],"about":[{"href":"http:\/\/eylulmuhasebe.com\/index.php?rest_route=\/wp\/v2\/types\/page"}],"author":[{"embeddable":true,"href":"http:\/\/eylulmuhasebe.com\/index.php?rest_route=\/wp\/v2\/users\/1"}],"replies":[{"embeddable":true,"href":"http:\/\/eylulmuhasebe.com\/index.php?rest_route=%2Fwp%2Fv2%2Fcomments&post=8"}],"version-history":[{"count":1,"href":"http:\/\/eylulmuhasebe.com\/index.php?rest_route=\/wp\/v2\/pages\/8\/revisions"}],"predecessor-version":[{"id":4589,"href":"http:\/\/eylulmuhasebe.com\/index.php?rest_route=\/wp\/v2\/pages\/8\/revisions\/4589"}],"wp:attachment":[{"href":"http:\/\/eylulmuhasebe.com\/index.php?rest_route=%2Fwp%2Fv2%2Fmedia&parent=8"}],"curies":[{"name":"wp","href":"https:\/\/api.w.org\/{rel}","templated":true}]}}