{"id":46,"date":"2018-05-04T11:12:01","date_gmt":"2018-05-04T08:12:01","guid":{"rendered":"http:\/\/www.eylulmuhasebe.com\/?page_id=46"},"modified":"2018-05-04T15:24:03","modified_gmt":"2018-05-04T12:24:03","slug":"kurumsal-2","status":"publish","type":"page","link":"http:\/\/eylulmuhasebe.com\/?page_id=46","title":{"rendered":"Kurumsal"},"content":{"rendered":"[vc_row full_width=&#8221;stretch_row_content_no_spaces&#8221; column_spacing=&#8221;0px&#8221;][vc_column][vc_single_image image=&#8221;21&#8243;][\/vc_column][\/vc_row][vc_row][vc_column][vc_empty_space height=&#8221;20px&#8221;][vc_text_separator title=&#8221;KURUMSAL&#8221; font_weight=&#8221;&#8221;][vc_column_text]<span style=\"font-family: 'Open Sans';\">Ahmet \u015eENG\u00dcL, CPA<br \/>\n<strong>Serbest Muhasebeci Mali M\u00fc\u015favir<\/strong><\/span><\/p>\n<p><span style=\"font-family: 'Open Sans';\"><strong>\u00d6zge\u00e7mi\u015f<\/strong><\/span><\/p>\n<p><span style=\"font-family: 'Open Sans';\">1981 \u0130stanbul&#8217;da d\u00fcnyaya gelmi\u015ftir. Anadolu \u00dcniversitesi Ekonomi b\u00f6l\u00fcm\u00fcn\u00fc ba\u015far\u0131l\u0131 bir \u015fekilde tamamlad\u0131ktan sonra UFRS ( Uluslararas\u0131 Finansal Raporlama Stnd. ) Tez \u00e7al\u0131\u015fmas\u0131 ile Muhasebe ve Denetim alan\u0131nda Y\u00fcksek Lisans derecesinden mezun olmu\u015ftur. 1999 &#8211; 2012 y\u0131llar\u0131 aras\u0131ndan muhasebe b\u00fcrosu ve \u00d6zel \u015eirketlerin Muhasebe Dpt. g\u00f6rev alm\u0131\u015ft\u0131r. 2012 y\u0131l\u0131nda SMMM olarak hizmet vermeye ba\u015flayan Ahmet \u015eENG\u00dcL&#8217;\u00fcn yerel gazete ve dergilerde ekonomi, \u0130\u015f Kanunu, Vergi, SGK konular\u0131 ile ilgili yay\u0131nlanm\u0131\u015f makaleleri bulunmaktad\u0131r. \u0130stanbul SMMM Odas\u0131 Esenler \u0130l\u00e7e Temsilci Yard\u0131mc\u0131l\u0131\u011f\u0131 ve Stajyerler ile ileti\u015fim Komite \u00fcyeli\u011fi g\u00f6revlerine devam etmekte olan SMMM Ahmet \u015eENG\u00dcL evli ve 2 \u00e7ocuk babas\u0131d\u0131r.<\/span><\/p>\n<p>&nbsp;<\/p>\n<p><span style=\"font-family: 'Open Sans';\"><strong>E\u011fitimler<\/strong><\/span><\/p>\n<ul>\n<li><span style=\"font-family: 'Open Sans';\"><strong>Uluslararas\u0131 Finansal Raporlama Standartlar\u0131 Uygulamalar\u0131 ( Marmara \u00dcniv. )<\/strong><\/span><\/li>\n<li><span style=\"font-family: 'Open Sans';\"><strong>Mali \u0130\u00e7 Denetim Uzmanl\u0131\u011f\u0131 ( T\u0130DE, \u0130SMMMO )<\/strong><\/span><\/li>\n<li><span style=\"font-family: 'Open Sans';\"><strong>Veri Analizi ve Hile Denetimil<\/strong><\/span><\/li>\n<li><span style=\"font-family: 'Open Sans';\"><strong>\u0130\u015f Hukuku Uygulamalar\u0131 ( Prof. Dr. M\u00fcjdat \u015eAKAR )<\/strong><\/span><\/li>\n<li><span style=\"font-family: 'Open Sans';\"><strong>T\u00fcrkiye Finansal Raporlama Standartlar\u0131 Uygulamalar\u0131<\/strong><\/span><\/li>\n<li><span style=\"font-family: 'Open Sans';\"><strong>D\u0131\u015f Ticaret Muhasebe \u0130\u015flemleri<\/strong><\/span><\/li>\n<\/ul>\n<p>&nbsp;<\/p>\n<p><span style=\"font-family: 'Open Sans';\"><strong>Vizyon<\/strong><\/span><\/p>\n<p><span style=\"font-family: 'Open Sans';\">M\u00fc\u015fterilerimizin muhasebe ve dan\u0131\u015fmanl\u0131k hizmetleri ile ilgili beklentilerini, mevzuat \u00e7er\u00e7evesinde,mesleki sorumluluk,hassasiyet ve etik kurallar\u0131 i\u00e7inde tutarl\u0131,etkin,verimli,tarafs\u0131z ve en k\u0131sa zamanda kar\u015f\u0131lamak amac\u0131 ile hizmet verecektir.Vergi Hukukunun kal\u0131pla\u015fm\u0131\u015f kurallar b\u00fct\u00fcn\u00fc olmad\u0131\u011f\u0131na inanan, Mevcut ve gelecek m\u00fc\u015fterilerimizin Muhasebe ve Vergi mevzuat\u0131 a\u00e7\u0131s\u0131ndan mahremiyetinin \u00f6zenle korunmas\u0131n\u0131 kendisine ilke edinmi\u015f bir ekip haz\u0131rl\u0131yoruz.3568 Say\u0131l\u0131 SMMM Kanunu ve ilgili y\u00f6netmelikler gere\u011fince sitemiz herhangi bir reklam unsuru ta\u015f\u0131mamakta, sadece bilgi vermeyi ama\u00e7lamaktad\u0131r.<\/span>[\/vc_column_text][\/vc_column][\/vc_row]\n","protected":false},"excerpt":{"rendered":"<p>[vc_row full_width=&#8221;stretch_row_content_no_spaces&#8221; column_spacing=&#8221;0px&#8221;][vc_column][vc_single_image image=&#8221;21&#8243;][\/vc_column][\/vc_row][vc_row][vc_column][vc_empty_space height=&#8221;20px&#8221;][vc_text_separator title=&#8221;KURUMSAL&#8221; font_weight=&#8221;&#8221;][vc_column_text]Ahmet \u015eENG\u00dcL, CPA Serbest Muhasebeci Mali M\u00fc\u015favir \u00d6zge\u00e7mi\u015f 1981 \u0130stanbul&#8217;da d\u00fcnyaya gelmi\u015ftir. Anadolu \u00dcniversitesi Ekonomi b\u00f6l\u00fcm\u00fcn\u00fc ba\u015far\u0131l\u0131 bir \u015fekilde tamamlad\u0131ktan sonra UFRS ( Uluslararas\u0131 Finansal Raporlama Stnd. ) Tez \u00e7al\u0131\u015fmas\u0131 ile Muhasebe ve Denetim&#038;hellip<\/p>\n","protected":false},"author":1,"featured_media":0,"parent":0,"menu_order":0,"comment_status":"closed","ping_status":"closed","template":"","meta":{"footnotes":""},"class_list":["post-46","page","type-page","status-publish","hentry"],"_links":{"self":[{"href":"http:\/\/eylulmuhasebe.com\/index.php?rest_route=\/wp\/v2\/pages\/46","targetHints":{"allow":["GET"]}}],"collection":[{"href":"http:\/\/eylulmuhasebe.com\/index.php?rest_route=\/wp\/v2\/pages"}],"about":[{"href":"http:\/\/eylulmuhasebe.com\/index.php?rest_route=\/wp\/v2\/types\/page"}],"author":[{"embeddable":true,"href":"http:\/\/eylulmuhasebe.com\/index.php?rest_route=\/wp\/v2\/users\/1"}],"replies":[{"embeddable":true,"href":"http:\/\/eylulmuhasebe.com\/index.php?rest_route=%2Fwp%2Fv2%2Fcomments&post=46"}],"version-history":[{"count":0,"href":"http:\/\/eylulmuhasebe.com\/index.php?rest_route=\/wp\/v2\/pages\/46\/revisions"}],"wp:attachment":[{"href":"http:\/\/eylulmuhasebe.com\/index.php?rest_route=%2Fwp%2Fv2%2Fmedia&parent=46"}],"curies":[{"name":"wp","href":"https:\/\/api.w.org\/{rel}","templated":true}]}}