{"id":42,"date":"2018-05-04T11:09:43","date_gmt":"2018-05-04T08:09:43","guid":{"rendered":"http:\/\/www.eylulmuhasebe.com\/?page_id=42"},"modified":"2018-05-04T11:50:23","modified_gmt":"2018-05-04T08:50:23","slug":"hizmetlerimiz-2","status":"publish","type":"page","link":"http:\/\/eylulmuhasebe.com\/?page_id=42","title":{"rendered":"Hizmetlerimiz"},"content":{"rendered":"[vc_row full_width=&#8221;stretch_row_content_no_spaces&#8221; column_spacing=&#8221;0px&#8221;][vc_column][vc_single_image image=&#8221;23&#8243;][\/vc_column][\/vc_row][vc_row][vc_column][vc_text_separator title=&#8221;H\u0130ZMETLER\u0130M\u0130Z&#8221; font_weight=&#8221;&#8221;][vc_empty_space height=&#8221;40px&#8221;][vc_tta_tabs][vc_tta_section title=&#8221;MAL\u0130 M\u00dc\u015eAV\u0130RL\u0130K H\u0130ZMETLER\u0130&#8221; tab_id=&#8221;1525194786345-f9005793-69f7&#8243;][vc_column_text]- Kanun ve uygulama de\u011fi\u015fikliklerinin devaml\u0131 olarak bildirilmesi ve g\u00f6r\u00fc\u015f verilmesi<br \/>\n&#8211; Muhasebe uygulamalar\u0131 ve esaslar\u0131 konusunda hizmet i\u00e7i e\u011fitimlerin verilmesi<br \/>\n&#8211; Maliyet, y\u00f6netim ve enflasyon muhasebesi dahil, muhasebe sistemlerin kurulmas\u0131, uygulanmas\u0131<br \/>\n&#8211; D\u00f6nemsel olarak mali tablolar\u0131n\u0131n olu\u015fturularak raporlanmas\u0131<br \/>\n&#8211; Te\u015fvik uygulamalar\u0131 ile ilgili dan\u0131\u015fmanl\u0131klar<br \/>\n&#8211; Ayl\u0131k ve y\u0131ll\u0131k beyannamelerin haz\u0131rlanmas\u0131<br \/>\n&#8211; Mevzuat gere\u011fince yapt\u0131r\u0131lacak t\u00fcm tasdik i\u015flemleri<br \/>\n&#8211; SSK-Ba\u011f-kur i\u015flerinin takibi[\/vc_column_text][\/vc_tta_section][vc_tta_section title=&#8221;DANI\u015eMANLIK H\u0130ZMETLER\u0130&#8221; tab_id=&#8221;1525194786364-7daf9430-7a76&#8243;][vc_column_text]- Vergi Uyu\u015fmazl\u0131klar\u0131<br \/>\n&#8211; Vergi uzla\u015fma g\u00f6r\u00fc\u015fmelerine kat\u0131lmak<br \/>\n&#8211; Vergi davalar\u0131na kat\u0131lmak<br \/>\n&#8211; Vergi dava ve ihtilaf dilek\u00e7elerinin haz\u0131rlanmas\u0131<br \/>\n&#8211; Vergi planlamas\u0131[\/vc_column_text][\/vc_tta_section][vc_tta_section title=&#8221;DENET\u0130M H\u0130ZMETLER\u0130&#8221; tab_id=&#8221;1525194849328-ae5ae803-b9b3&#8243;][vc_column_text]- B\u00fct\u00e7e ve y\u00f6netim muhasebe uygulamalar\u0131<br \/>\n&#8211; \u015eirket verilerinin ayl\u0131k, \u00fc\u00e7 ayl\u0131k, alt\u0131 ayl\u0131k ve y\u0131ll\u0131k d\u00f6nemlerde raporlanmas\u0131 ve \u00f6neriler geli\u015ftirilmesi[\/vc_column_text][\/vc_tta_section][vc_tta_section title=&#8221;REKABET KURULUM H\u0130ZMETLER\u0130&#8221; tab_id=&#8221;1525194875194-93c35887-a3b9&#8243;][vc_column_text]- Hisse devirleri<br \/>\n&#8211; Birle\u015fme, devir, tasfiye<br \/>\n&#8211; Sermaye art\u0131r\u0131m\u0131<br \/>\n&#8211; \u015eekil de\u011fi\u015ftirme<br \/>\n&#8211; Genel Kurul \u0130\u015flemleri<br \/>\n&#8211; Ana S\u00f6zle\u015fme de\u011fi\u015fiklikleri[\/vc_column_text][\/vc_tta_section][\/vc_tta_tabs][\/vc_column][\/vc_row]\n","protected":false},"excerpt":{"rendered":"<p>[vc_row full_width=&#8221;stretch_row_content_no_spaces&#8221; column_spacing=&#8221;0px&#8221;][vc_column][vc_single_image image=&#8221;23&#8243;][\/vc_column][\/vc_row][vc_row][vc_column][vc_text_separator title=&#8221;H\u0130ZMETLER\u0130M\u0130Z&#8221; font_weight=&#8221;&#8221;][vc_empty_space height=&#8221;40px&#8221;][vc_tta_tabs][vc_tta_section title=&#8221;MAL\u0130 M\u00dc\u015eAV\u0130RL\u0130K H\u0130ZMETLER\u0130&#8221; tab_id=&#8221;1525194786345-f9005793-69f7&#8243;][vc_column_text]- Kanun ve uygulama de\u011fi\u015fikliklerinin devaml\u0131 olarak bildirilmesi ve g\u00f6r\u00fc\u015f verilmesi &#8211; Muhasebe uygulamalar\u0131 ve esaslar\u0131 konusunda hizmet i\u00e7i e\u011fitimlerin verilmesi &#8211; Maliyet, y\u00f6netim ve enflasyon muhasebesi dahil, muhasebe sistemlerin&#038;hellip<\/p>\n","protected":false},"author":1,"featured_media":0,"parent":0,"menu_order":0,"comment_status":"closed","ping_status":"closed","template":"","meta":{"footnotes":""},"class_list":["post-42","page","type-page","status-publish","hentry"],"_links":{"self":[{"href":"http:\/\/eylulmuhasebe.com\/index.php?rest_route=\/wp\/v2\/pages\/42","targetHints":{"allow":["GET"]}}],"collection":[{"href":"http:\/\/eylulmuhasebe.com\/index.php?rest_route=\/wp\/v2\/pages"}],"about":[{"href":"http:\/\/eylulmuhasebe.com\/index.php?rest_route=\/wp\/v2\/types\/page"}],"author":[{"embeddable":true,"href":"http:\/\/eylulmuhasebe.com\/index.php?rest_route=\/wp\/v2\/users\/1"}],"replies":[{"embeddable":true,"href":"http:\/\/eylulmuhasebe.com\/index.php?rest_route=%2Fwp%2Fv2%2Fcomments&post=42"}],"version-history":[{"count":0,"href":"http:\/\/eylulmuhasebe.com\/index.php?rest_route=\/wp\/v2\/pages\/42\/revisions"}],"wp:attachment":[{"href":"http:\/\/eylulmuhasebe.com\/index.php?rest_route=%2Fwp%2Fv2%2Fmedia&parent=42"}],"curies":[{"name":"wp","href":"https:\/\/api.w.org\/{rel}","templated":true}]}}